{"id":1967,"date":"2025-04-28T18:07:51","date_gmt":"2025-04-28T18:07:51","guid":{"rendered":"https:\/\/jpmantenimiento.com\/?page_id=1967"},"modified":"2025-12-15T14:02:17","modified_gmt":"2025-12-15T14:02:17","slug":"blog","status":"publish","type":"page","link":"https:\/\/jpmantenimiento.com\/en\/blog\/","title":{"rendered":"Blog"},"content":{"rendered":"<p><\/p>\n\n\n\n<div class=\"wp-block-uagb-container uagb-block-99451e21 alignfull uagb-is-root-container\"><div class=\"uagb-container-inner-blocks-wrap\">\n<div class=\"susy-blog-raw-wrapper\">\n  <style>\n    .susy-blog-raw-wrapper * {\n      box-sizing: border-box;\n    }\n    .susy-blog-raw-wrapper body {\n      font-family: 'Inter', sans-serif;\n      margin: 0;\n      padding: 10px 20px 30px;\n      background-color: #f9f9f9;\n      color: #333;\n    }\n    .susy-blog-raw-wrapper h1 {\n      font-size: 50px;\n      font-weight: 800;\n      text-align: center;\n      margin: 10px 0 18px;\n      padding: 0;\n      color: #045CB4;\n    }\n    .susy-blog-raw-wrapper .blog-grid {\n      display: grid;\n      grid-template-columns: 1.2fr 1fr;\n      gap: 15px;\n      margin-top: 10px;\n    }\n    .susy-blog-raw-wrapper .main-card {\n      position: relative;\n      border-radius: 12px;\n      overflow: hidden;\n      box-shadow: 0 4px 20px rgba(0,0,0,0.1);\n      margin-bottom: 15px;\n      transition: transform 0.3s ease;\n      border: 1px solid #e0e0e0;\n    }\n    .susy-blog-raw-wrapper .main-card:hover {\n      transform: scale(1.02);\n    }\n    .susy-blog-raw-wrapper .main-card img {\n      width: 100%;\n      height: auto;\n      display: block;\n    }\n    .susy-blog-raw-wrapper .main-content {\n      position: absolute;\n      bottom: 0;\n      color: white;\n      background: linear-gradient(0deg, rgba(0,0,0,0.8), rgba(0,0,0,0));\n      padding: 30px 25px;\n      width: 100%;\n    }\n    .susy-blog-raw-wrapper .tag {\n      display: inline-block;\n      background-color: #045CB4;\n      font-size: 12px;\n      font-weight: 600;\n      padding: 4px 10px;\n      border-radius: 20px;\n      margin-bottom: 12px;\n      color: white;\n    }\n    .susy-blog-raw-wrapper .main-content h2 {\n      font-size: 32px;\n      font-weight: 800;\n      margin-bottom: 10px;\n      line-height: 1.2;\n      color: white;\n      text-shadow: 0 2px 4px rgba(0,0,0,0.5);\n    }\n    .susy-blog-raw-wrapper .main-content p {\n      font-size: 16px;\n      font-weight: 500;\n      opacity: 0.9;\n      margin: 0;\n      color: white;\n      text-shadow: 0 1px 2px rgba(0,0,0,0.5);\n    }\n    .susy-blog-raw-wrapper .side-grid {\n      display: grid;\n      grid-template-columns: repeat(auto-fill, minmax(200px, 1fr));\n      gap: 12px;\n    }\n    .susy-blog-raw-wrapper .card {\n      background: white;\n      border-radius: 10px;\n      overflow: hidden;\n      box-shadow: 0 2px 10px rgba(0,0,0,0.06);\n      margin-bottom: 10px;\n      transition: transform 0.3s ease, box-shadow 0.3s ease;\n      border: 5px solid #e0e0e0;\n    }\n    .susy-blog-raw-wrapper .card:hover {\n      transform: scale(1.03);\n      box-shadow: 0 5px 15px rgba(0,0,0,0.1);\n    }\n    .susy-blog-raw-wrapper .card img {\n      width: 100%;\n      height: 130px;\n      object-fit: cover;\n    }\n    .susy-blog-raw-wrapper .card-content {\n      padding: 8px 10px;\n    }\n    .susy-blog-raw-wrapper .card-content .tag {\n      margin-right: 4px;\n      margin-bottom: 4px;\n    }\n    .susy-blog-raw-wrapper .card-content h3 {\n      font-size: 13px;\n      font-weight: 600;\n      margin: 8px 0 4px;\n      line-height: 1.3;\n    }\n    .susy-blog-raw-wrapper .card-content p {\n      font-size: 10px;\n      color: #888;\n      margin: 0;\n    }\n    @media (max-width: 900px) {\n      .susy-blog-raw-wrapper .blog-grid {\n        grid-template-columns: 1fr;\n      }\n      .susy-blog-raw-wrapper .side-grid {\n        grid-template-columns: 1fr 1fr;\n      }\n      .susy-blog-raw-wrapper .main-content h2 {\n        font-size: 28px;\n      }\n    }\n    @media (max-width: 600px) {\n      .susy-blog-raw-wrapper h1 {\n        font-size: 32px;\n        margin: 5px 0 10px;\n      }\n      .susy-blog-raw-wrapper .side-grid {\n        grid-template-columns: 1fr;\n      }\n      .susy-blog-raw-wrapper .main-content {\n        padding: 20px 15px;\n      }\n      .susy-blog-raw-wrapper .main-content h2 {\n        font-size: 22px;\n      }\n      .susy-blog-raw-wrapper .main-content p {\n        font-size: 14px;\n      }\n      .susy-blog-raw-wrapper .card-content h3 {\n        font-size: 14px;\n        min-height: auto;\n        display: -webkit-box;\n        -webkit-line-clamp: 3;\n        -webkit-box-orient: vertical;\n        overflow: hidden;\n        text-overflow: ellipsis;\n      }\n      .susy-blog-raw-wrapper .card {\n        height: auto;\n      }\n    }\n  <\/style>\n\n  <h1>Blog JP Mantenimiento<\/h1>\n\n  <div class=\"blog-grid\">\n    <div>\n      <div class=\"main-card\">\n        <a href=\"https:\/\/thelogisticsworld.com\/actualidad-logistica\/aceleraran-operaciones-autonomas-con-agentes-de-ia-para-el-sector-industrial\/\" target=\"_blank\" rel=\"noopener\">\n          <img decoding=\"async\" src=\"http:\/\/susynaturals502.com\/wp-content\/uploads\/2025\/11\/Captura-de-pantalla-2025-11-24-083852.png\" alt=\"Tendencias construcci\u00f3n 2025\">\n          <div class=\"main-content\">\n            <span class=\"tag\" style=\"background-color: #045CB4;\">Construction<\/span>\n            <h2>La transformaci\u00f3n del sector de la Industria<\/h2>\n            <p>JP Mantenimiento |15 de Diciembre, 2025<\/p>\n          <\/div>\n        <\/a>\n      <\/div>\n\n      <div class=\"card\">\n        <a href=\"https:\/\/usbridge.com\/top-construction-industry-trends-in-2025\/\" target=\"_blank\" rel=\"noopener\">\n          <img decoding=\"async\" src=\"https:\/\/especialidadescabi66.com\/wp-content\/uploads\/2025\/09\/Captura-de-pantalla-2025-09-01-090957.png\" alt=\"Remodelaci\u00f3n de casas\">\n          <div class=\"card-content\">\n            <span class=\"tag\" style=\"background-color: #045CB4;\">Remodeling<\/span>\n            <h3>Are you remodeling your house? Make sure you hire a suitable architect<\/h3>\n          <\/div>\n        <\/a>\n      <\/div>\n\n      <div class=\"card\">\n        <a href=\"https:\/\/www.manufactura-latam.com\/es\/noticias\/expo-manufactura-2025-impulsando-la-evolucion-industrial-en-america-latina\" target=\"_blank\" rel=\"noopener\">\n          <img decoding=\"async\" src=\"https:\/\/jpmantenimiento.com\/wp-content\/uploads\/2025\/04\/Captura-de-pantalla-2025-04-28-140756.png\" alt=\"Expo Manufactura 2025\">\n          <div class=\"card-content\">\n            <span class=\"tag\" style=\"background-color: #045CB4;\">Industry<\/span>\n            <h3>Expo Manufactura 2025: Driving industrial evolution in Latin America<\/h3>\n          <\/div>\n        <\/a>\n      <\/div>\n    <\/div>\n\n    <div class=\"side-grid\">\n      <div class=\"card\">\n        <a href=\"https:\/\/www.manufactura-latam.com\/es\/noticias\/materiales-sustentables-clave-para-reducir-impacto-ambiental\" target=\"_blank\" rel=\"noopener\">\n          <img decoding=\"async\" src=\"https:\/\/jpmantenimiento.com\/wp-content\/uploads\/2025\/04\/Captura-de-pantalla-2025-04-28-141010.png\" alt=\"Materiales sustentables\">\n          <div class=\"card-content\">\n            <span class=\"tag\" style=\"background-color: #045CB4;\">Sustainability<\/span>\n            <h3>Sustainable materials, key to reducing environmental impact<\/h3>\n          <\/div>\n        <\/a>\n      <\/div>\n\n      <div class=\"card\">\n        <a href=\"https:\/\/cuervaenergia.com\/es\/comunidad\/innovacion\/tecnologias-electricas\/\" target=\"_blank\" rel=\"noopener\">\n          <img decoding=\"async\" src=\"https:\/\/jpmantenimiento.com\/wp-content\/uploads\/2025\/04\/Captura-de-pantalla-2025-04-28-141546.png\" alt=\"Tecnolog\u00edas el\u00e9ctricas\">\n          <div class=\"card-content\">\n            <span class=\"tag\" style=\"background-color: #045CB4;\">Energy<\/span>\n            <h3>6 electrical technologies that will transform the energy industry by 2025<\/h3>\n          <\/div>\n        <\/a>\n      <\/div>\n\n      <div class=\"card\">\n        <a href=\"https:\/\/www.tecnoseguro.com\/noticias\/cableado-estructurado\/soluciones-cableado-estructurado-istc-signamax\" target=\"_blank\" rel=\"noopener\">\n          <img decoding=\"async\" src=\"https:\/\/jpmantenimiento.com\/wp-content\/uploads\/2025\/04\/Captura-de-pantalla-2025-04-28-142114.png\" alt=\"Cableado estructurado\">\n          <div class=\"card-content\">\n            <span class=\"tag\" style=\"background-color: #045CB4;\">Technology<\/span>\n            <h3>ISTC Structured Cabling Solutions with Signamax Connectivity Solutions<\/h3>\n          <\/div>\n        <\/a>\n      <\/div>\n\n      <div class=\"card\">\n        <a href=\"https:\/\/www.tecnoseguro.com\/whitepapers\/recomendaciones-poe-videovigilancia\" target=\"_blank\" rel=\"noopener\">\n          <img decoding=\"async\" src=\"https:\/\/jpmantenimiento.com\/wp-content\/uploads\/2025\/04\/Captura-de-pantalla-2025-04-28-142432-1.png\" alt=\"Videovigilancia IP\">\n          <div class=\"card-content\">\n            <span class=\"tag\" style=\"background-color: #045CB4;\">Security<\/span>\n            <h3>Key Recommendations for Power and Network Systems in IP Video Surveillance<\/h3>\n          <\/div>\n        <\/a>\n      <\/div>\n\n      <div class=\"main-card\" style=\"grid-column: span 2; margin-top: 15px;\">\n        <a href=\"https:\/\/www.sinotec-eu.com\/es\/2025\/10\/20\/prevencion-del-robo-de-equipos-de-construccion\/\" target=\"_blank\" rel=\"noopener\">\n          <img decoding=\"async\" src=\"http:\/\/susynaturals502.com\/wp-content\/uploads\/2025\/11\/Captura-de-pantalla-2025-11-24-084429-1.png\" alt=\"Tendencias cableado\">\n          <div class=\"main-content\">\n            <span class=\"tag\" style=\"background-color: #045CB4;\">Infrastructure<\/span>\n            <h2>Innovaciones tecnol\u00f3gicas en maquinaria para la construcci\u00f3n<\/h2>\n            <p>JP Mantenimiento |15 de Diciembre, 2025<\/p>\n          <\/div>\n        <\/a>\n      <\/div>\n    <\/div>\n  <\/div>\n<\/div>\n<\/div><\/div>\n\n\n\n<p><\/p>","protected":false},"excerpt":{"rendered":"<p>Blog JP Mantenimiento Construcci\u00f3n La transformaci\u00f3n del sector de la Industria JP Mantenimiento |15 de Diciembre, 2025 Remodelaci\u00f3n \u00bfRemodela su casa? Aseg\u00farese de contratar un arquitecto id\u00f3neo Industria Expo Manufactura 2025: impulsando la evoluci\u00f3n industrial en Am\u00e9rica Latina Sostenibilidad Materiales sustentables, clave para reducir impacto ambiental Energ\u00eda 6 tecnolog\u00edas el\u00e9ctricas que transformar\u00e1n la industria energ\u00e9tica [&hellip;]<\/p>","protected":false},"author":1,"featured_media":0,"parent":0,"menu_order":0,"comment_status":"closed","ping_status":"closed","template":"","meta":{"_uag_custom_page_level_css":"","site-sidebar-layout":"no-sidebar","site-content-layout":"page-builder","ast-site-content-layout":"full-width-container","site-content-style":"default","site-sidebar-style":"default","ast-global-header-display":"","ast-banner-title-visibility":"","ast-main-header-display":"","ast-hfb-above-header-display":"","ast-hfb-below-header-display":"","ast-hfb-mobile-header-display":"","site-post-title":"disabled","ast-breadcrumbs-content":"","ast-featured-img":"disabled","footer-sml-layout":"","theme-transparent-header-meta":"","adv-header-id-meta":"","stick-header-meta":"","header-above-stick-meta":"","header-main-stick-meta":"","header-below-stick-meta":"","astra-migrate-meta-layouts":"set","ast-page-background-enabled":"default","ast-page-background-meta":{"desktop":{"background-color":"","background-image":"","background-repeat":"repeat","background-position":"center center","background-size":"auto","background-attachment":"scroll","background-type":"","background-media":"","overlay-type":"","overlay-color":"","overlay-opacity":"","overlay-gradient":""},"tablet":{"background-color":"","background-image":"","background-repeat":"repeat","background-position":"center center","background-size":"auto","background-attachment":"scroll","background-type":"","background-media":"","overlay-type":"","overlay-color":"","overlay-opacity":"","overlay-gradient":""},"mobile":{"background-color":"","background-image":"","background-repeat":"repeat","background-position":"center center","background-size":"auto","background-attachment":"scroll","background-type":"","background-media":"","overlay-type":"","overlay-color":"","overlay-opacity":"","overlay-gradient":""}},"ast-content-background-meta":{"desktop":{"background-color":"var(--ast-global-color-5)","background-image":"","background-repeat":"repeat","background-position":"center center","background-size":"auto","background-attachment":"scroll","background-type":"","background-media":"","overlay-type":"","overlay-color":"","overlay-opacity":"","overlay-gradient":""},"tablet":{"background-color":"var(--ast-global-color-5)","background-image":"","background-repeat":"repeat","background-position":"center center","background-size":"auto","background-attachment":"scroll","background-type":"","background-media":"","overlay-type":"","overlay-color":"","overlay-opacity":"","overlay-gradient":""},"mobile":{"background-color":"var(--ast-global-color-5)","background-image":"","background-repeat":"repeat","background-position":"center center","background-size":"auto","background-attachment":"scroll","background-type":"","background-media":"","overlay-type":"","overlay-color":"","overlay-opacity":"","overlay-gradient":""}},"footnotes":""},"class_list":["post-1967","page","type-page","status-publish","hentry"],"aioseo_notices":[],"yoast_head":"<!-- This site is optimized with the Yoast SEO plugin v25.3 - https:\/\/yoast.com\/wordpress\/plugins\/seo\/ -->\n<title>Blog - jpmantenimiento.com<\/title>\n<meta name=\"robots\" content=\"index, follow, max-snippet:-1, max-image-preview:large, max-video-preview:-1\" \/>\n<link rel=\"canonical\" href=\"https:\/\/jpmantenimiento.com\/en\/blog\/\" \/>\n<meta property=\"og:locale\" content=\"en_US\" \/>\n<meta property=\"og:type\" content=\"article\" \/>\n<meta property=\"og:title\" content=\"Blog - jpmantenimiento.com\" \/>\n<meta property=\"og:description\" content=\"Blog JP Mantenimiento Construcci\u00f3n La transformaci\u00f3n del sector de la Industria JP Mantenimiento |15 de Diciembre, 2025 Remodelaci\u00f3n \u00bfRemodela su casa? Aseg\u00farese de contratar un arquitecto id\u00f3neo Industria Expo Manufactura 2025: impulsando la evoluci\u00f3n industrial en Am\u00e9rica Latina Sostenibilidad Materiales sustentables, clave para reducir impacto ambiental Energ\u00eda 6 tecnolog\u00edas el\u00e9ctricas que transformar\u00e1n la industria energ\u00e9tica [&hellip;]\" \/>\n<meta property=\"og:url\" content=\"https:\/\/jpmantenimiento.com\/en\/blog\/\" \/>\n<meta property=\"og:site_name\" content=\"jpmantenimiento.com\" \/>\n<meta property=\"article:modified_time\" content=\"2025-12-15T14:02:17+00:00\" \/>\n<meta property=\"og:image\" content=\"http:\/\/susynaturals502.com\/wp-content\/uploads\/2025\/11\/Captura-de-pantalla-2025-11-24-083852.png\" \/>\n<meta name=\"twitter:card\" content=\"summary_large_image\" \/>\n<meta name=\"twitter:label1\" content=\"Est. reading time\" \/>\n\t<meta name=\"twitter:data1\" content=\"3 minutes\" \/>\n<script type=\"application\/ld+json\" class=\"yoast-schema-graph\">{\"@context\":\"https:\/\/schema.org\",\"@graph\":[{\"@type\":\"WebPage\",\"@id\":\"https:\/\/jpmantenimiento.com\/blog\/\",\"url\":\"https:\/\/jpmantenimiento.com\/blog\/\",\"name\":\"Blog - jpmantenimiento.com\",\"isPartOf\":{\"@id\":\"https:\/\/jpmantenimiento.com\/#website\"},\"primaryImageOfPage\":{\"@id\":\"https:\/\/jpmantenimiento.com\/blog\/#primaryimage\"},\"image\":{\"@id\":\"https:\/\/jpmantenimiento.com\/blog\/#primaryimage\"},\"thumbnailUrl\":\"http:\/\/susynaturals502.com\/wp-content\/uploads\/2025\/11\/Captura-de-pantalla-2025-11-24-083852.png\",\"datePublished\":\"2025-04-28T18:07:51+00:00\",\"dateModified\":\"2025-12-15T14:02:17+00:00\",\"breadcrumb\":{\"@id\":\"https:\/\/jpmantenimiento.com\/blog\/#breadcrumb\"},\"inLanguage\":\"en-US\",\"potentialAction\":[{\"@type\":\"ReadAction\",\"target\":[\"https:\/\/jpmantenimiento.com\/blog\/\"]}]},{\"@type\":\"ImageObject\",\"inLanguage\":\"en-US\",\"@id\":\"https:\/\/jpmantenimiento.com\/blog\/#primaryimage\",\"url\":\"http:\/\/susynaturals502.com\/wp-content\/uploads\/2025\/11\/Captura-de-pantalla-2025-11-24-083852.png\",\"contentUrl\":\"http:\/\/susynaturals502.com\/wp-content\/uploads\/2025\/11\/Captura-de-pantalla-2025-11-24-083852.png\"},{\"@type\":\"BreadcrumbList\",\"@id\":\"https:\/\/jpmantenimiento.com\/blog\/#breadcrumb\",\"itemListElement\":[{\"@type\":\"ListItem\",\"position\":1,\"name\":\"Inicio\",\"item\":\"https:\/\/jpmantenimiento.com\/\"},{\"@type\":\"ListItem\",\"position\":2,\"name\":\"Blog\"}]},{\"@type\":\"WebSite\",\"@id\":\"https:\/\/jpmantenimiento.com\/#website\",\"url\":\"https:\/\/jpmantenimiento.com\/\",\"name\":\"jpmantenimiento.com\",\"description\":\"Jp Mantenimiento Industrial, ofrecemos soluciones integrales en construcci\u00f3n, remodelaci\u00f3n, mantenimiento y cableado estructurado en toda Guatemala\",\"publisher\":{\"@id\":\"https:\/\/jpmantenimiento.com\/#organization\"},\"alternateName\":\"Jp mantenimiento\",\"potentialAction\":[{\"@type\":\"SearchAction\",\"target\":{\"@type\":\"EntryPoint\",\"urlTemplate\":\"https:\/\/jpmantenimiento.com\/?s={search_term_string}\"},\"query-input\":{\"@type\":\"PropertyValueSpecification\",\"valueRequired\":true,\"valueName\":\"search_term_string\"}}],\"inLanguage\":\"en-US\"},{\"@type\":\"Organization\",\"@id\":\"https:\/\/jpmantenimiento.com\/#organization\",\"name\":\"Jp Mantenimiento\",\"alternateName\":\"Jp Mantenimiento\",\"url\":\"https:\/\/jpmantenimiento.com\/\",\"logo\":{\"@type\":\"ImageObject\",\"inLanguage\":\"en-US\",\"@id\":\"https:\/\/jpmantenimiento.com\/#\/schema\/logo\/image\/\",\"url\":\"https:\/\/jpmantenimiento.com\/wp-content\/uploads\/2024\/11\/cropped-cropped-JP-Mantenimiento-Industrial-3.png\",\"contentUrl\":\"https:\/\/jpmantenimiento.com\/wp-content\/uploads\/2024\/11\/cropped-cropped-JP-Mantenimiento-Industrial-3.png\",\"width\":512,\"height\":512,\"caption\":\"Jp Mantenimiento\"},\"image\":{\"@id\":\"https:\/\/jpmantenimiento.com\/#\/schema\/logo\/image\/\"}}]}<\/script>\n<!-- \/ Yoast SEO plugin. -->","yoast_head_json":{"title":"Blog - jpmantenimiento.com","robots":{"index":"index","follow":"follow","max-snippet":"max-snippet:-1","max-image-preview":"max-image-preview:large","max-video-preview":"max-video-preview:-1"},"canonical":"https:\/\/jpmantenimiento.com\/en\/blog\/","og_locale":"en_US","og_type":"article","og_title":"Blog - jpmantenimiento.com","og_description":"Blog JP Mantenimiento Construcci\u00f3n La transformaci\u00f3n del sector de la Industria JP Mantenimiento |15 de Diciembre, 2025 Remodelaci\u00f3n \u00bfRemodela su casa? Aseg\u00farese de contratar un arquitecto id\u00f3neo Industria Expo Manufactura 2025: impulsando la evoluci\u00f3n industrial en Am\u00e9rica Latina Sostenibilidad Materiales sustentables, clave para reducir impacto ambiental Energ\u00eda 6 tecnolog\u00edas el\u00e9ctricas que transformar\u00e1n la industria energ\u00e9tica [&hellip;]","og_url":"https:\/\/jpmantenimiento.com\/en\/blog\/","og_site_name":"jpmantenimiento.com","article_modified_time":"2025-12-15T14:02:17+00:00","og_image":[{"url":"http:\/\/susynaturals502.com\/wp-content\/uploads\/2025\/11\/Captura-de-pantalla-2025-11-24-083852.png","type":"","width":"","height":""}],"twitter_card":"summary_large_image","twitter_misc":{"Est. reading time":"3 minutes"},"schema":{"@context":"https:\/\/schema.org","@graph":[{"@type":"WebPage","@id":"https:\/\/jpmantenimiento.com\/blog\/","url":"https:\/\/jpmantenimiento.com\/blog\/","name":"Blog - jpmantenimiento.com","isPartOf":{"@id":"https:\/\/jpmantenimiento.com\/#website"},"primaryImageOfPage":{"@id":"https:\/\/jpmantenimiento.com\/blog\/#primaryimage"},"image":{"@id":"https:\/\/jpmantenimiento.com\/blog\/#primaryimage"},"thumbnailUrl":"http:\/\/susynaturals502.com\/wp-content\/uploads\/2025\/11\/Captura-de-pantalla-2025-11-24-083852.png","datePublished":"2025-04-28T18:07:51+00:00","dateModified":"2025-12-15T14:02:17+00:00","breadcrumb":{"@id":"https:\/\/jpmantenimiento.com\/blog\/#breadcrumb"},"inLanguage":"en-US","potentialAction":[{"@type":"ReadAction","target":["https:\/\/jpmantenimiento.com\/blog\/"]}]},{"@type":"ImageObject","inLanguage":"en-US","@id":"https:\/\/jpmantenimiento.com\/blog\/#primaryimage","url":"http:\/\/susynaturals502.com\/wp-content\/uploads\/2025\/11\/Captura-de-pantalla-2025-11-24-083852.png","contentUrl":"http:\/\/susynaturals502.com\/wp-content\/uploads\/2025\/11\/Captura-de-pantalla-2025-11-24-083852.png"},{"@type":"BreadcrumbList","@id":"https:\/\/jpmantenimiento.com\/blog\/#breadcrumb","itemListElement":[{"@type":"ListItem","position":1,"name":"Inicio","item":"https:\/\/jpmantenimiento.com\/"},{"@type":"ListItem","position":2,"name":"Blog"}]},{"@type":"WebSite","@id":"https:\/\/jpmantenimiento.com\/#website","url":"https:\/\/jpmantenimiento.com\/","name":"jpmantenimiento.com","description":"Jp Mantenimiento Industrial, ofrecemos soluciones integrales en construcci\u00f3n, remodelaci\u00f3n, mantenimiento y cableado estructurado en toda Guatemala","publisher":{"@id":"https:\/\/jpmantenimiento.com\/#organization"},"alternateName":"Jp mantenimiento","potentialAction":[{"@type":"SearchAction","target":{"@type":"EntryPoint","urlTemplate":"https:\/\/jpmantenimiento.com\/?s={search_term_string}"},"query-input":{"@type":"PropertyValueSpecification","valueRequired":true,"valueName":"search_term_string"}}],"inLanguage":"en-US"},{"@type":"Organization","@id":"https:\/\/jpmantenimiento.com\/#organization","name":"Jp Mantenimiento","alternateName":"Jp Mantenimiento","url":"https:\/\/jpmantenimiento.com\/","logo":{"@type":"ImageObject","inLanguage":"en-US","@id":"https:\/\/jpmantenimiento.com\/#\/schema\/logo\/image\/","url":"https:\/\/jpmantenimiento.com\/wp-content\/uploads\/2024\/11\/cropped-cropped-JP-Mantenimiento-Industrial-3.png","contentUrl":"https:\/\/jpmantenimiento.com\/wp-content\/uploads\/2024\/11\/cropped-cropped-JP-Mantenimiento-Industrial-3.png","width":512,"height":512,"caption":"Jp Mantenimiento"},"image":{"@id":"https:\/\/jpmantenimiento.com\/#\/schema\/logo\/image\/"}}]}},"uagb_featured_image_src":{"full":false,"thumbnail":false,"medium":false,"medium_large":false,"large":false,"1536x1536":false,"2048x2048":false,"trp-custom-language-flag":false},"uagb_author_info":{"display_name":"leidyandrea8808@gmail.com","author_link":"https:\/\/jpmantenimiento.com\/en\/author\/leidyandrea8808gmail-com\/"},"uagb_comment_info":0,"uagb_excerpt":"Blog JP Mantenimiento Construcci\u00f3n La transformaci\u00f3n del sector de la Industria JP Mantenimiento |15 de Diciembre, 2025 Remodelaci\u00f3n \u00bfRemodela su casa? Aseg\u00farese de contratar un arquitecto id\u00f3neo Industria Expo Manufactura 2025: impulsando la evoluci\u00f3n industrial en Am\u00e9rica Latina Sostenibilidad Materiales sustentables, clave para reducir impacto ambiental Energ\u00eda 6 tecnolog\u00edas el\u00e9ctricas que transformar\u00e1n la industria energ\u00e9tica&hellip;","_links":{"self":[{"href":"https:\/\/jpmantenimiento.com\/en\/wp-json\/wp\/v2\/pages\/1967"}],"collection":[{"href":"https:\/\/jpmantenimiento.com\/en\/wp-json\/wp\/v2\/pages"}],"about":[{"href":"https:\/\/jpmantenimiento.com\/en\/wp-json\/wp\/v2\/types\/page"}],"author":[{"embeddable":true,"href":"https:\/\/jpmantenimiento.com\/en\/wp-json\/wp\/v2\/users\/1"}],"replies":[{"embeddable":true,"href":"https:\/\/jpmantenimiento.com\/en\/wp-json\/wp\/v2\/comments?post=1967"}],"version-history":[{"count":27,"href":"https:\/\/jpmantenimiento.com\/en\/wp-json\/wp\/v2\/pages\/1967\/revisions"}],"predecessor-version":[{"id":2904,"href":"https:\/\/jpmantenimiento.com\/en\/wp-json\/wp\/v2\/pages\/1967\/revisions\/2904"}],"wp:attachment":[{"href":"https:\/\/jpmantenimiento.com\/en\/wp-json\/wp\/v2\/media?parent=1967"}],"curies":[{"name":"wp","href":"https:\/\/api.w.org\/{rel}","templated":true}]}}